{"id":135,"date":"2020-03-02T21:02:01","date_gmt":"2020-03-02T19:02:01","guid":{"rendered":"http:\/\/www2.matikaiset.fi\/wordpress\/?page_id=135"},"modified":"2026-04-19T17:00:16","modified_gmt":"2026-04-19T14:00:16","slug":"hallitus","status":"publish","type":"page","link":"https:\/\/www.matikaiset.fi\/matikaiset\/?page_id=135","title":{"rendered":"Hallitus"},"content":{"rendered":"\n<p>Sukuseuran kunniaj\u00e4sen: Sukututkija Pirkko Matikainen<\/p>\n\n\n\n<p>Sukuseuran kunniapuheenjohtaja: Anneli Minks pj. vuosina 2007-2025<\/p>\n\n\n\n<p>  <strong>Puheenjohtaja:<\/strong><br>Matti Matikainen, kasvatustiet. maist., luokanopettaja,<br>Liinakonkatu 23, 53500 Lappeenranta<br>GSM 040 7231551, email:&nbsp;<a href=\"mailto:mattimatikainen@hotmail.com\">mattimatikainen@hotmail.com<\/a><\/p>\n\n\n\n<p><br><strong>Varapuheenjohtaja:<\/strong><br>Mirja Vesalainen, perushoitaja<br>Olkikuja 3, 21360 Lieto as<br>GSM 0400 372079, email:&nbsp;<a href=\"mailto:mirja.dosentti@gmail.com\">mirja.dosentti@gmail.com<\/a><\/p>\n\n\n\n<p><br><strong>Sihteeri:<\/strong><br>Sirpa Linna, laitoshuoltaja, el\u00e4kel\u00e4inen<br>Keltasirkunpolku 1 a A 16, 20610 Turku<br>GSM 040 7207818, email:&nbsp;<a href=\"mailto:sirpa.linna@gmail.com\">sirpa.linna@gmail.com<\/a><br>&nbsp;<br><strong>J\u00e4senet:<\/strong><br>Sinikka Kuivalainen, perushoitaja, el\u00e4kel\u00e4inen, email: <a href=\"mailto:sinikka.akuivalainen@gmail.com\">sinikka.akuivalainen@gmail.com<\/a><\/p>\n\n\n\n<p>Arja J\u00e4\u00e4skel\u00e4inen, perushoitaja, el\u00e4kel\u00e4inen, email: <a href=\"mailto:arja.jaaske138@gmail.com\">arja.jaaske138@gmail.com<\/a><\/p>\n\n\n\n<p>Sanna-Maria Nurmi, terveystietieteiden tohtori, email: <a href=\"sannamariaanu@gmail.com\">sannamariaanu@gmail.com<\/a><br><br><strong>Varaj\u00e4senet<\/strong><br>Anneli Valkeap\u00e4\u00e4,                                                                                                                                                          email:&nbsp;<a href=\"mailto:anneli.valkeapaa@gmail.com\">anneli.valkeapaa@gmail.com<\/a><\/p>\n\n\n\n<p>Pertti Nurmi, diplomi-insin\u00f6\u00f6ri, el\u00e4kel\u00e4inen, Koriston Rantatie 3, GSM 0405247192, email: <a href=\"mailto:perttiknurmi@outlook.com\">perttiknurmi@outlook.com<\/a><br>&#8212;&#8211;<br><strong>Rahastonhoitaja:<\/strong><br>Mirja Vesalainen, perushoitaja<br>Olkikuja 3, 21360 Lieto as<br>GSM 0400 372079, email:&nbsp;<a href=\"mailto:mirja.dosentti@gmail.com\">mirja.dosentti@gmail.com<\/a><br>&nbsp;<br><strong>Sukututkija ja tutkimuskoordinaattor<\/strong>i:<br>Pirkko Matikainen, fil.lis., yliopistonlehtori emerita<br>K\u00f6ydenpunojankatu 8 J 202, 00180 Helsinki<br>GSM 0400 774103, email: <a href=\"email:&nbsp;matikainen.pirkko@gmail.com\">matikainen.pirkko@gmail.com<\/a><\/p>\n\n\n\n<p><\/p>\n","protected":false},"excerpt":{"rendered":"<p>Sukuseuran kunniaj\u00e4sen: Sukututkija Pirkko Matikainen Sukuseuran kunniapuheenjohtaja: Anneli Minks pj. vuosina 2007-2025 Puheenjohtaja:Matti Matikainen, kasvatustiet. maist., luokanopettaja,Liinakonkatu 23, 53500 LappeenrantaGSM [&hellip;]<\/p>\n","protected":false},"author":1,"featured_media":0,"parent":0,"menu_order":3,"comment_status":"closed","ping_status":"closed","template":"","meta":{"footnotes":""},"class_list":["post-135","page","type-page","status-publish","hentry"],"yoast_head":"<!-- This site is optimized with the Yoast SEO plugin v27.5 - https:\/\/yoast.com\/product\/yoast-seo-wordpress\/ -->\n<title>Hallitus - www.matikaiset.fi<\/title>\n<meta name=\"robots\" content=\"index, follow, max-snippet:-1, max-image-preview:large, max-video-preview:-1\" \/>\n<link rel=\"canonical\" href=\"https:\/\/www.matikaiset.fi\/matikaiset\/?page_id=135\" \/>\n<meta property=\"og:locale\" content=\"fi_FI\" \/>\n<meta property=\"og:type\" content=\"article\" \/>\n<meta property=\"og:title\" content=\"Hallitus - www.matikaiset.fi\" \/>\n<meta property=\"og:description\" content=\"Sukuseuran kunniaj\u00e4sen: Sukututkija Pirkko Matikainen Sukuseuran kunniapuheenjohtaja: Anneli Minks pj. vuosina 2007-2025 Puheenjohtaja:Matti Matikainen, kasvatustiet. maist., luokanopettaja,Liinakonkatu 23, 53500 LappeenrantaGSM [&hellip;]\" \/>\n<meta property=\"og:url\" content=\"https:\/\/www.matikaiset.fi\/matikaiset\/?page_id=135\" \/>\n<meta property=\"og:site_name\" content=\"www.matikaiset.fi\" \/>\n<meta property=\"article:modified_time\" content=\"2026-04-19T14:00:16+00:00\" \/>\n<meta name=\"twitter:card\" content=\"summary_large_image\" \/>\n<meta name=\"twitter:label1\" content=\"Arvioitu lukuaika\" \/>\n\t<meta name=\"twitter:data1\" content=\"1 minuutti\" \/>\n<script type=\"application\/ld+json\" class=\"yoast-schema-graph\">{\"@context\":\"https:\\\/\\\/schema.org\",\"@graph\":[{\"@type\":\"WebPage\",\"@id\":\"https:\\\/\\\/www.matikaiset.fi\\\/matikaiset\\\/?page_id=135\",\"url\":\"https:\\\/\\\/www.matikaiset.fi\\\/matikaiset\\\/?page_id=135\",\"name\":\"Hallitus - www.matikaiset.fi\",\"isPartOf\":{\"@id\":\"https:\\\/\\\/www.matikaiset.fi\\\/matikaiset\\\/#website\"},\"datePublished\":\"2020-03-02T19:02:01+00:00\",\"dateModified\":\"2026-04-19T14:00:16+00:00\",\"breadcrumb\":{\"@id\":\"https:\\\/\\\/www.matikaiset.fi\\\/matikaiset\\\/?page_id=135#breadcrumb\"},\"inLanguage\":\"fi\",\"potentialAction\":[{\"@type\":\"ReadAction\",\"target\":[\"https:\\\/\\\/www.matikaiset.fi\\\/matikaiset\\\/?page_id=135\"]}]},{\"@type\":\"BreadcrumbList\",\"@id\":\"https:\\\/\\\/www.matikaiset.fi\\\/matikaiset\\\/?page_id=135#breadcrumb\",\"itemListElement\":[{\"@type\":\"ListItem\",\"position\":1,\"name\":\"Home\",\"item\":\"https:\\\/\\\/www.matikaiset.fi\\\/matikaiset\\\/\"},{\"@type\":\"ListItem\",\"position\":2,\"name\":\"Hallitus\"}]},{\"@type\":\"WebSite\",\"@id\":\"https:\\\/\\\/www.matikaiset.fi\\\/matikaiset\\\/#website\",\"url\":\"https:\\\/\\\/www.matikaiset.fi\\\/matikaiset\\\/\",\"name\":\"www.matikaiset.fi\",\"description\":\"\",\"publisher\":{\"@id\":\"https:\\\/\\\/www.matikaiset.fi\\\/matikaiset\\\/#organization\"},\"potentialAction\":[{\"@type\":\"SearchAction\",\"target\":{\"@type\":\"EntryPoint\",\"urlTemplate\":\"https:\\\/\\\/www.matikaiset.fi\\\/matikaiset\\\/?s={search_term_string}\"},\"query-input\":{\"@type\":\"PropertyValueSpecification\",\"valueRequired\":true,\"valueName\":\"search_term_string\"}}],\"inLanguage\":\"fi\"},{\"@type\":\"Organization\",\"@id\":\"https:\\\/\\\/www.matikaiset.fi\\\/matikaiset\\\/#organization\",\"name\":\"www.matikaiset.fi\",\"url\":\"https:\\\/\\\/www.matikaiset.fi\\\/matikaiset\\\/\",\"logo\":{\"@type\":\"ImageObject\",\"inLanguage\":\"fi\",\"@id\":\"https:\\\/\\\/www.matikaiset.fi\\\/matikaiset\\\/#\\\/schema\\\/logo\\\/image\\\/\",\"url\":\"https:\\\/\\\/www.matikaiset.fi\\\/matikaiset\\\/wp-content\\\/uploads\\\/2023\\\/04\\\/image-5.png\",\"contentUrl\":\"https:\\\/\\\/www.matikaiset.fi\\\/matikaiset\\\/wp-content\\\/uploads\\\/2023\\\/04\\\/image-5.png\",\"width\":99,\"height\":133,\"caption\":\"www.matikaiset.fi\"},\"image\":{\"@id\":\"https:\\\/\\\/www.matikaiset.fi\\\/matikaiset\\\/#\\\/schema\\\/logo\\\/image\\\/\"}}]}<\/script>\n<!-- \/ Yoast SEO plugin. -->","yoast_head_json":{"title":"Hallitus - www.matikaiset.fi","robots":{"index":"index","follow":"follow","max-snippet":"max-snippet:-1","max-image-preview":"max-image-preview:large","max-video-preview":"max-video-preview:-1"},"canonical":"https:\/\/www.matikaiset.fi\/matikaiset\/?page_id=135","og_locale":"fi_FI","og_type":"article","og_title":"Hallitus - www.matikaiset.fi","og_description":"Sukuseuran kunniaj\u00e4sen: Sukututkija Pirkko Matikainen Sukuseuran kunniapuheenjohtaja: Anneli Minks pj. vuosina 2007-2025 Puheenjohtaja:Matti Matikainen, kasvatustiet. maist., luokanopettaja,Liinakonkatu 23, 53500 LappeenrantaGSM [&hellip;]","og_url":"https:\/\/www.matikaiset.fi\/matikaiset\/?page_id=135","og_site_name":"www.matikaiset.fi","article_modified_time":"2026-04-19T14:00:16+00:00","twitter_card":"summary_large_image","twitter_misc":{"Arvioitu lukuaika":"1 minuutti"},"schema":{"@context":"https:\/\/schema.org","@graph":[{"@type":"WebPage","@id":"https:\/\/www.matikaiset.fi\/matikaiset\/?page_id=135","url":"https:\/\/www.matikaiset.fi\/matikaiset\/?page_id=135","name":"Hallitus - www.matikaiset.fi","isPartOf":{"@id":"https:\/\/www.matikaiset.fi\/matikaiset\/#website"},"datePublished":"2020-03-02T19:02:01+00:00","dateModified":"2026-04-19T14:00:16+00:00","breadcrumb":{"@id":"https:\/\/www.matikaiset.fi\/matikaiset\/?page_id=135#breadcrumb"},"inLanguage":"fi","potentialAction":[{"@type":"ReadAction","target":["https:\/\/www.matikaiset.fi\/matikaiset\/?page_id=135"]}]},{"@type":"BreadcrumbList","@id":"https:\/\/www.matikaiset.fi\/matikaiset\/?page_id=135#breadcrumb","itemListElement":[{"@type":"ListItem","position":1,"name":"Home","item":"https:\/\/www.matikaiset.fi\/matikaiset\/"},{"@type":"ListItem","position":2,"name":"Hallitus"}]},{"@type":"WebSite","@id":"https:\/\/www.matikaiset.fi\/matikaiset\/#website","url":"https:\/\/www.matikaiset.fi\/matikaiset\/","name":"www.matikaiset.fi","description":"","publisher":{"@id":"https:\/\/www.matikaiset.fi\/matikaiset\/#organization"},"potentialAction":[{"@type":"SearchAction","target":{"@type":"EntryPoint","urlTemplate":"https:\/\/www.matikaiset.fi\/matikaiset\/?s={search_term_string}"},"query-input":{"@type":"PropertyValueSpecification","valueRequired":true,"valueName":"search_term_string"}}],"inLanguage":"fi"},{"@type":"Organization","@id":"https:\/\/www.matikaiset.fi\/matikaiset\/#organization","name":"www.matikaiset.fi","url":"https:\/\/www.matikaiset.fi\/matikaiset\/","logo":{"@type":"ImageObject","inLanguage":"fi","@id":"https:\/\/www.matikaiset.fi\/matikaiset\/#\/schema\/logo\/image\/","url":"https:\/\/www.matikaiset.fi\/matikaiset\/wp-content\/uploads\/2023\/04\/image-5.png","contentUrl":"https:\/\/www.matikaiset.fi\/matikaiset\/wp-content\/uploads\/2023\/04\/image-5.png","width":99,"height":133,"caption":"www.matikaiset.fi"},"image":{"@id":"https:\/\/www.matikaiset.fi\/matikaiset\/#\/schema\/logo\/image\/"}}]}},"_links":{"self":[{"href":"https:\/\/www.matikaiset.fi\/matikaiset\/index.php?rest_route=\/wp\/v2\/pages\/135","targetHints":{"allow":["GET"]}}],"collection":[{"href":"https:\/\/www.matikaiset.fi\/matikaiset\/index.php?rest_route=\/wp\/v2\/pages"}],"about":[{"href":"https:\/\/www.matikaiset.fi\/matikaiset\/index.php?rest_route=\/wp\/v2\/types\/page"}],"author":[{"embeddable":true,"href":"https:\/\/www.matikaiset.fi\/matikaiset\/index.php?rest_route=\/wp\/v2\/users\/1"}],"replies":[{"embeddable":true,"href":"https:\/\/www.matikaiset.fi\/matikaiset\/index.php?rest_route=%2Fwp%2Fv2%2Fcomments&post=135"}],"version-history":[{"count":51,"href":"https:\/\/www.matikaiset.fi\/matikaiset\/index.php?rest_route=\/wp\/v2\/pages\/135\/revisions"}],"predecessor-version":[{"id":1143,"href":"https:\/\/www.matikaiset.fi\/matikaiset\/index.php?rest_route=\/wp\/v2\/pages\/135\/revisions\/1143"}],"wp:attachment":[{"href":"https:\/\/www.matikaiset.fi\/matikaiset\/index.php?rest_route=%2Fwp%2Fv2%2Fmedia&parent=135"}],"curies":[{"name":"wp","href":"https:\/\/api.w.org\/{rel}","templated":true}]}}